{"id":1336,"date":"2026-03-11T13:53:26","date_gmt":"2026-03-11T13:53:26","guid":{"rendered":"https:\/\/cozycologne.com\/ghk\/"},"modified":"2026-03-11T15:54:12","modified_gmt":"2026-03-11T15:54:12","slug":"ghk","status":"publish","type":"page","link":"https:\/\/cozycologne.com\/tr\/ghk\/","title":{"rendered":"GHK"},"content":{"rendered":"\t\t<div data-elementor-type=\"wp-page\" data-elementor-id=\"1336\" class=\"elementor elementor-1336 elementor-1318\" data-elementor-post-type=\"page\">\n\t\t\t\t<main class=\"elementor-element elementor-element-a1c42c5 e-flex e-con-boxed e-con e-parent\" data-id=\"a1c42c5\" data-element_type=\"container\" data-e-type=\"container\">\n\t\t\t\t\t<div class=\"e-con-inner\">\n\t\t\t\t<div class=\"elementor-element elementor-element-01983ad elementor-widget elementor-widget-heading\" data-id=\"01983ad\" data-element_type=\"widget\" data-e-type=\"widget\" data-widget_type=\"heading.default\">\n\t\t\t\t\t<h1 class=\"elementor-heading-title elementor-size-default\">Genel H\u00fck\u00fcm ve Ko\u015fullar (GHK)<\/h1>\t\t\t\t<\/div>\n\t\t\t\t<div class=\"elementor-element elementor-element-4904076 elementor-widget elementor-widget-text-editor\" data-id=\"4904076\" data-element_type=\"widget\" data-e-type=\"widget\" data-widget_type=\"text-editor.default\">\n\t\t\t\t\t\t\t\t\t<h2>1. uygulama kapsami<\/h2><p>1.1 Bu Genel H\u00fck\u00fcm ve Ko\u015fullar, Serhat Solmaz taraf\u0131ndan temsil edilen Cozy Cologne Rentals taraf\u0131ndan konuklara daire, oda ve tesislerin ge\u00e7ici olarak kiralanmas\u0131na ili\u015fkin t\u00fcm s\u00f6zle\u015fmeler i\u00e7in ge\u00e7erlidir.<\/p><p>1.2 Cozy Cologne Rentals bunlar\u0131n ge\u00e7erlili\u011fini yaz\u0131l\u0131 olarak a\u00e7\u0131k\u00e7a kabul etmedik\u00e7e, m\u00fc\u015fterinin farkl\u0131 veya \u00e7eli\u015fkili h\u00fck\u00fcm ve ko\u015fullar\u0131 ge\u00e7erli olmayacakt\u0131r.<\/p><p>1.3 M\u00fc\u015fteri sadece kendisi i\u00e7in de\u011fil, ayn\u0131 zamanda \u00e7al\u0131\u015fanlar\u0131, refakat\u00e7ileri veya di\u011fer \u00fc\u00e7\u00fcnc\u00fc \u015fah\u0131slar i\u00e7in de hizmet rezervasyonu yap\u0131yorsa, bu ki\u015filerin de bu G\u015eK&#8217;ya uymas\u0131n\u0131 sa\u011flamakla y\u00fck\u00fcml\u00fcd\u00fcr.<\/p><h2>2. S\u00f6zle\u015fmenin imzalanmas\u0131<\/h2><p>2.1 S\u00f6zle\u015fme, Cozy Cologne Rentals&#8217;\u0131n rezervasyon onay\u0131 veya rezerve edilen hizmetin sa\u011flanmas\u0131 ile sonu\u00e7lan\u0131r.<\/p><p>2.2 Rezervasyonun online portallar \u00fczerinden yap\u0131lmas\u0131 halinde, bu i\u015flem ge\u00e7erli bir kredi kart\u0131 veya pe\u015fin \u00f6demeye ba\u011fl\u0131 olarak ger\u00e7ekle\u015ftirilebilir.<\/p><p>2.3 Rezervasyon teyidinin talep i\u00e7eri\u011finden farkl\u0131 olmas\u0131 halinde, m\u00fc\u015fteri derhal itiraz etmedi\u011fi s\u00fcrece rezervasyon teyidinin i\u00e7eri\u011fi ba\u011flay\u0131c\u0131 kabul edilecektir.<\/p><p>2.4 \u00dc\u00e7\u00fcnc\u00fc bir \u015fah\u0131s m\u00fc\u015fteri ad\u0131na rezervasyon yapm\u0131\u015fsa, bu \u00fc\u00e7\u00fcnc\u00fc \u015fah\u0131s konaklama s\u00f6zle\u015fmesinden do\u011fan t\u00fcm y\u00fck\u00fcml\u00fcl\u00fcklerden m\u00fc\u015fteriyle birlikte m\u00fc\u015ftereken ve m\u00fcteselsilen sorumlu olacakt\u0131r.<\/p><h2>3. var\u0131\u015f, konaklama ve ayr\u0131l\u0131\u015f<\/h2><p>3.1 Konaklama birimine eri\u015fim genellikle anahtar kutular\u0131 (self-check-in) arac\u0131l\u0131\u011f\u0131yla ba\u011f\u0131ms\u0131z olarak sa\u011flan\u0131r. Bunun i\u00e7in gerekli eri\u015fim verileri ve check-in i\u00e7in gerekli t\u00fcm bilgiler genellikle var\u0131\u015ftan 1-2 g\u00fcn \u00f6nce konuklara e-posta veya mesaj yoluyla g\u00f6nderilir. <\/p><p>3.2 Aksi kararla\u015ft\u0131r\u0131lmad\u0131k\u00e7a, check-in i\u015flemi var\u0131\u015f g\u00fcn\u00fc saat 15:00&#8217;ten itibaren yap\u0131labilir.<\/p><p>3.3 Ayr\u0131l\u0131\u015f g\u00fcn\u00fc, daire en ge\u00e7 saat 11.00&#8217;e kadar bo\u015falt\u0131lmal\u0131d\u0131r.<\/p><p>3.4 Ge\u00e7 ayr\u0131lma durumunda, Cozy Cologne Rentals ek \u00fccret talep edebilir:<\/p><p>13:00&#8217;e kadar: g\u00fcnl\u00fck fiyat\u0131n %50&#8217;sine kadar<\/p><p>13:00&#8217;ten sonra: tam g\u00fcnl\u00fck fiyat<\/p><h2>4. hizmetler ve fiyatlar<\/h2><p>4.1<br>www.cozycologne.com<br>web sitesindeki bilgiler ve rezervasyon onay\u0131nda yer alan bilgiler s\u00f6zle\u015fmeye ba\u011fl\u0131 hizmetler i\u00e7in belirleyicidir.<\/p><p>4.2 T\u00fcm fiyatlara rezervasyon s\u0131ras\u0131nda ge\u00e7erli olan yasal vergiler dahildir.<\/p><p>4.3 Yerel vergiler (\u00f6rne\u011fin belediye konaklama vergileri), yasalarca \u00f6ng\u00f6r\u00fcld\u00fc\u011f\u00fc \u00f6l\u00e7\u00fcde konuk taraf\u0131ndan kar\u015f\u0131lanacakt\u0131r.<\/p><p>4.4 Cozy Cologne Rentals, konuma ba\u011fl\u0131 olarak otopark olanaklar\u0131 sunmaktad\u0131r. M\u00fcsaitlik ve maliyetler tesise ba\u011fl\u0131 olarak de\u011fi\u015febilir ve rezervasyon i\u015flemi s\u0131ras\u0131nda veya talep \u00fczerine konu\u011fa bildirilecektir. <\/p><h2>5. konaklama yerinin kullan\u0131m\u0131<\/h2><p>5.1 Sa\u011flanan konaklama yerinin alt kiraya verilmesine veya yeniden kiralanmas\u0131na izin verilmez.<\/p><p>5.2 Tesiste yap\u0131sal de\u011fi\u015fikliklere veya m\u00fcdahalelere izin verilmez.<\/p><p>5.3 Dairelerin i\u00e7inde ve ortak kullan\u0131m alanlar\u0131nda sigara i\u00e7mek yasakt\u0131r.<\/p><p>5.4 Misafir, yasal kay\u0131t d\u00fczenlemelerine uymakla y\u00fck\u00fcml\u00fcd\u00fcr.<\/p><p>5.5 Dairelerde ekipman\u0131n bir par\u00e7as\u0131 olmayan hi\u00e7bir ek elektrikli cihaz \u00e7al\u0131\u015ft\u0131r\u0131lamaz.<\/p><p>5.6 Rezervasyonda belirtilen maksimum ki\u015fi say\u0131s\u0131 a\u015f\u0131lamaz. \u0130lave ziyaret\u00e7ilere veya gece misafirlerine yaln\u0131zca Cozy Cologne Rentals&#8217;\u0131n \u00f6nceden onay\u0131 ile izin verilir. <\/p><p>5.7 Dairelerde partilere, etkinliklere veya b\u00fcy\u00fck toplant\u0131lara genellikle izin verilmez. Konuklar, yasal sessizlik s\u00fcrelerine ve kom\u015fular\u0131n ve di\u011fer sakinlerin \u00e7\u0131karlar\u0131na sayg\u0131 g\u00f6stermeyi taahh\u00fct ederler. <\/p><p>5.8 Konaklama birimine \u00f6zenli davran\u0131lmal\u0131 ve uygun bir durumda b\u0131rak\u0131lmal\u0131d\u0131r. Cozy Cologne Rentals, son temizli\u011fin ola\u011fan kapsam\u0131n\u0131n \u00f6tesine ge\u00e7en istisnai kirlenme durumunda ek temizlik \u00fccreti talep etme hakk\u0131n\u0131 sakl\u0131 tutar. <\/p><p>5.9 Konuk, sa\u011flanan anahtarlar\u0131 veya eri\u015fim sistemlerini \u00f6zenle kullanmay\u0131 taahh\u00fct eder. Kay\u0131p veya hasar durumunda, de\u011fi\u015ftirme veya de\u011fi\u015fim masraflar\u0131 tahsil edilebilir. <\/p><h2>6. Evcil hayvanlar<\/h2><p>6.1 Evcil hayvanlara genel olarak izin verilmektedir, ancak var\u0131\u015ftan \u00f6nce kay\u0131t alt\u0131na al\u0131nmalar\u0131 gerekmektedir.<\/p><p>6.2 Rezervasyon ba\u015f\u0131na bir evcil hayvana izin verilir.<\/p><p>6.3 \u0130lave her evcil hayvan i\u00e7in gecelik 20 \u20ac \u00fccret al\u0131nacakt\u0131r.<\/p><p>6.4 Evcil hayvanlar\u0131n neden oldu\u011fu her t\u00fcrl\u00fc hasar veya kirlilikten konuk sorumludur.<\/p><h2>7. video g\u00f6zetimi<\/h2><p>Misafirlerin, \u00e7al\u0131\u015fanlar\u0131n ve m\u00fclklerin g\u00fcvenli\u011fi i\u00e7in Cozy Cologne Rentals, halka a\u00e7\u0131k alanlarda (\u00f6rne\u011fin giri\u015f alan\u0131, koridorlar, merdiven bo\u015flu\u011fu, asans\u00f6r ve otopark) video g\u00f6zetimi i\u015fletmektedir.<\/p><p>Elbette, apartman dairelerinde veya s\u0131hhi alanlarda g\u00f6zetim yoktur.<\/p><p>Kay\u0131tlar yaln\u0131zca g\u00fcvenlik amac\u0131yla kullan\u0131l\u0131r ve uygun bir s\u00fcre sonra silinir.<\/p><h2>8. \u00d6deme<\/h2><p>8.1 Rezervasyonun toplam \u00fccreti her zaman var\u0131\u015ftan \u00f6nce \u00f6denmelidir.<\/p><p>8.2 Rezervasyon sistemine ba\u011fl\u0131 olarak, \u00f6deme kredi kart\u0131, PayPal veya sunulan di\u011fer \u00f6deme y\u00f6ntemleri ile yap\u0131labilir.<\/p><p>8.3 Cozy Cologne Rentals, bir \u00f6n \u00f6deme veya depozito talep etme hakk\u0131na sahiptir.<\/p><h2>9. \u0130ptal ko\u015fullar\u0131<\/h2><p>9.1 Rezervasyonlar var\u0131\u015ftan 5 g\u00fcn \u00f6ncesine kadar \u00fccretsiz olarak iptal edilebilir. Bu durumda, \u00f6denen tutar\u0131n %100&#8217;\u00fc iade edilecektir. <\/p><p>9.2 Var\u0131\u015fa 5 g\u00fcnden daha az bir s\u00fcre kala yap\u0131lan iptaller art\u0131k \u00fccretsiz olarak m\u00fcmk\u00fcn de\u011fildir.<\/p><p>9.3 Rezervasyonun yap\u0131lmamas\u0131 durumunda, Cozy Cologne Rentals rezervasyonu yap\u0131lan daireyi yeniden tahsis etme hakk\u0131n\u0131 sakl\u0131 tutar. Bu durumda herhangi bir geri \u00f6deme yap\u0131lmayacakt\u0131r. <\/p><p>9.4 Erken ayr\u0131lma durumunda, kullan\u0131lmayan gecelik konaklamalar i\u00e7in para iadesi hakk\u0131 yoktur.<\/p><h2>10. s\u00f6zle\u015fmenin erken feshi<\/h2><p>Cozy Cologne Rentals, a\u015fa\u011f\u0131daki durumlarda konaklama s\u00f6zle\u015fmesini bildirimde bulunmaks\u0131z\u0131n feshetme hakk\u0131na sahiptir:<\/p><p>bu Genel H\u00fck\u00fcm ve Ko\u015fullar ihlal edilirse,<\/p><p>ev kurallar\u0131 ihlal edildi,<\/p><p>konaklama uygunsuz bir \u015fekilde kullan\u0131l\u0131r,<\/p><p>Rezervasyon s\u0131ras\u0131nda yanl\u0131\u015f bilgi verildi,<\/p><p>di\u011fer misafirler, kom\u015fular veya \u00e7al\u0131\u015fanlar \u00f6nemli \u00f6l\u00e7\u00fcde rahats\u0131z edilir.<\/p><p>Bu durumda, halihaz\u0131rda yap\u0131lm\u0131\u015f olan \u00f6demelerin iadesi s\u00f6z konusu de\u011fildir.<\/p><h2>11. Sorumluluk<\/h2><p>11.1 Cozy Cologne Rentals, yaln\u0131zca kas\u0131tl\u0131 veya a\u011f\u0131r ihmalkar davran\u0131\u015flar\u0131n neden oldu\u011fu zararlardan sorumludur.<\/p><p>11.2 Misafir, kendisinin veya kendisiyle birlikte seyahat eden ki\u015filerin neden oldu\u011fu t\u00fcm hasarlardan sorumludur.<\/p><p>11.3 Misafirlere ait kay\u0131p veya hasarl\u0131 e\u015fyalar i\u00e7in sorumluluk kabul edilmez.<\/p><p>11.4 Unutulan \u00fcr\u00fcnler yaln\u0131zca talep \u00fczerine ve nakliye masraflar\u0131n\u0131n geri \u00f6denmesi kar\u015f\u0131l\u0131\u011f\u0131nda iletilecektir.<\/p><h2>12. internet kullan\u0131m\u0131 (WIFI)<\/h2><p>Sa\u011flanan WIFI eri\u015fiminin kullan\u0131m\u0131 konuklar\u0131n kendi sorumlulu\u011fundad\u0131r.<\/p><p>Misafir, \u0130nternet eri\u015fimini yasad\u0131\u015f\u0131 faaliyetler i\u00e7in, \u00f6zellikle de telif hakk\u0131 ihlalleri, yasad\u0131\u015f\u0131 indirmeler, yasad\u0131\u015f\u0131 i\u00e7erik da\u011f\u0131t\u0131m\u0131 veya di\u011fer cezai su\u00e7lar i\u00e7in kullanmamay\u0131 taahh\u00fct eder.<\/p><p>\u0130nternet eri\u015fiminin misafir taraf\u0131ndan kullan\u0131lmas\u0131 yasal ihlallere veya \u00fc\u00e7\u00fcnc\u00fc \u015fah\u0131slar\u0131n taleplerine neden olursa, ortaya \u00e7\u0131kan t\u00fcm sonu\u00e7lardan, masraflardan, tazminat taleplerinden ve her t\u00fcrl\u00fc yasal masraftan yaln\u0131zca misafir sorumlu olacakt\u0131r.<\/p><h2>13. ni\u0307hai\u0307 h\u00fck\u00fcmler<\/h2><p>13.1 Federal Almanya Cumhuriyeti yasalar\u0131 ge\u00e7erli olacakt\u0131r.<\/p><p>13.2 Yarg\u0131 yeri &#8211; yasal olarak izin verildi\u011fi \u00f6l\u00e7\u00fcde &#8211; Cozy Cologne Rentals&#8217;\u0131n kay\u0131tl\u0131 ofisidir.<\/p><p>13.3 Bu G\u015eK&#8217;nin m\u00fcnferit h\u00fck\u00fcmlerinin ge\u00e7ersiz olmas\u0131 veya ge\u00e7ersiz hale gelmesi durumunda, geri kalan h\u00fck\u00fcmlerin ge\u00e7erlili\u011fi etkilenmeyecektir.<\/p>\t\t\t\t\t\t\t\t<\/div>\n\t\t\t\t\t<\/div>\n\t\t\t\t<\/main>\n\t\t\t\t<\/div>\n\t\t","protected":false},"excerpt":{"rendered":"<p>Genel H\u00fck\u00fcm ve Ko\u015fullar (GHK) 1. uygulama kapsami 1.1 Bu Genel H\u00fck\u00fcm ve Ko\u015fullar, Serhat Solmaz taraf\u0131ndan temsil edilen Cozy Cologne Rentals taraf\u0131ndan konuklara daire, oda ve tesislerin ge\u00e7ici olarak kiralanmas\u0131na ili\u015fkin t\u00fcm s\u00f6zle\u015fmeler i\u00e7in ge\u00e7erlidir. 1.2 Cozy Cologne Rentals bunlar\u0131n ge\u00e7erlili\u011fini yaz\u0131l\u0131 olarak a\u00e7\u0131k\u00e7a kabul etmedik\u00e7e, m\u00fc\u015fterinin farkl\u0131 veya \u00e7eli\u015fkili h\u00fck\u00fcm ve ko\u015fullar\u0131 ge\u00e7erli [&hellip;]<\/p>\n","protected":false},"author":2,"featured_media":0,"parent":0,"menu_order":0,"comment_status":"closed","ping_status":"closed","template":"","meta":{"footnotes":""},"class_list":["post-1336","page","type-page","status-publish","hentry"],"_links":{"self":[{"href":"https:\/\/cozycologne.com\/tr\/wp-json\/wp\/v2\/pages\/1336","targetHints":{"allow":["GET"]}}],"collection":[{"href":"https:\/\/cozycologne.com\/tr\/wp-json\/wp\/v2\/pages"}],"about":[{"href":"https:\/\/cozycologne.com\/tr\/wp-json\/wp\/v2\/types\/page"}],"author":[{"embeddable":true,"href":"https:\/\/cozycologne.com\/tr\/wp-json\/wp\/v2\/users\/2"}],"replies":[{"embeddable":true,"href":"https:\/\/cozycologne.com\/tr\/wp-json\/wp\/v2\/comments?post=1336"}],"version-history":[{"count":2,"href":"https:\/\/cozycologne.com\/tr\/wp-json\/wp\/v2\/pages\/1336\/revisions"}],"predecessor-version":[{"id":1362,"href":"https:\/\/cozycologne.com\/tr\/wp-json\/wp\/v2\/pages\/1336\/revisions\/1362"}],"wp:attachment":[{"href":"https:\/\/cozycologne.com\/tr\/wp-json\/wp\/v2\/media?parent=1336"}],"curies":[{"name":"wp","href":"https:\/\/api.w.org\/{rel}","templated":true}]}}